{"id":2,"date":"2018-05-03T22:09:46","date_gmt":"2018-05-03T22:09:46","guid":{"rendered":"http:\/\/sbprabooks.com\/antoniorolandoarenas\/?page_id=2"},"modified":"2020-01-02T14:27:00","modified_gmt":"2020-01-02T14:27:00","slug":"sample-page","status":"publish","type":"page","link":"https:\/\/sbprabooks.com\/antoniorolandoarenas\/","title":{"rendered":"Books by Antonio Rolando Arenas"},"content":{"rendered":"<h1 class=\"textbox\" dir=\"ltr\"><img fetchpriority=\"high\" decoding=\"async\" class=\"alignright size-full wp-image-8\" src=\"http:\/\/sbprabooks.com\/antoniorolandoarenas\/wp-content\/uploads\/sites\/1147\/2020\/01\/antonio.jpg\" alt=\"\" width=\"333\" height=\"499\" srcset=\"https:\/\/sbprabooks.com\/antoniorolandoarenas\/wp-content\/uploads\/sites\/1147\/2020\/01\/antonio.jpg 333w, https:\/\/sbprabooks.com\/antoniorolandoarenas\/wp-content\/uploads\/sites\/1147\/2020\/01\/antonio-200x300.jpg 200w\" sizes=\"(max-width: 333px) 100vw, 333px\" \/>Di\u00e1logos internos<\/h1>\n<p class=\"textbox\" dir=\"ltr\">es un libro que re\u00fane los ejercicios po\u00e9ticos realizados entre 1982 y 2014, algunos ya publicados en suplementos culturales de diarios argentinos, en hojas de poes\u00edas, antolog\u00edas, le\u00eddos en recitales o presentados en concursos; otros desconocidos, \u00e1ridos, con intenciones l\u00edricas, propios de un autor que se interioriza por realidades que lo impulsan a vivir de una manera distinta, expectante y sin acci\u00f3n para quedar inmerso en el pasillo de la marginalidad pol\u00edtica desde donde surge con su voz y concreta un testimonio necesario y human\u00edstico<\/p>\n<p dir=\"ltr\"><a href=\"https:\/\/www.amazon.com\/Di%C3%A1logos-Internos-Poes%C3%ADa-1982-2014-Spanish\/dp\/1681814161\/ref=sr_1_1?ie=UTF8&amp;qid=1529346717&amp;sr=8-1&amp;keywords=Di%C3%A1logos+internos\">Buy On Amazon<\/a><\/p>\n<p dir=\"ltr\"><a href=\"https:\/\/www.barnesandnoble.com\/w\/di-logos-internos-antonio-rolando-arenas\/1128534666?ean=9781681814162\">Buy On Barnes &amp; Noble<\/a><\/p>\n<p dir=\"ltr\"><a href=\"http:\/\/sbpra.net\/book-orders\/\">Buy Wholesale<\/a><\/p>\n<p><a href=\"https:\/\/diarioalicante.es\/antonio-rolando-arenas-en-conociendo-al-autor-conversaciones\/?fbclid=IwAR1SJXR84rAvKWUg58Q3osL6r8P1Y_l1HbMGM8WVByZlmjMYFMGtsCXdEG0\">https:\/\/diarioalicante.es\/antonio-rolando-arenas-en-conociendo-al-autor-conversaciones\/?fbclid=IwAR1SJXR84rAvKWUg58Q3osL6r8P1Y_l1HbMGM8WVByZlmjMYFMGtsCXdEG0<\/a><\/p>\n<p>&nbsp;<\/p>\n<p>&nbsp;<\/p>\n","protected":false},"excerpt":{"rendered":"<p>Di\u00e1logos internos es un libro que re\u00fane los ejercicios po\u00e9ticos realizados entre 1982 y 2014, algunos ya publicados en suplementos culturales de diarios argentinos, en hojas de poes\u00edas, antolog\u00edas, le\u00eddos en recitales o presentados en concursos; otros desconocidos, \u00e1ridos, con intenciones l\u00edricas, propios de un autor que se interioriza por realidades que lo impulsan a [&hellip;]<\/p>\n","protected":false},"author":1141,"featured_media":0,"parent":0,"menu_order":0,"comment_status":"closed","ping_status":"closed","template":"page-templates\/full-width.php","meta":{"footnotes":"","_links_to":"","_links_to_target":""},"class_list":["post-2","page","type-page","status-publish","hentry"],"_links":{"self":[{"href":"https:\/\/sbprabooks.com\/antoniorolandoarenas\/wp-json\/wp\/v2\/pages\/2","targetHints":{"allow":["GET"]}}],"collection":[{"href":"https:\/\/sbprabooks.com\/antoniorolandoarenas\/wp-json\/wp\/v2\/pages"}],"about":[{"href":"https:\/\/sbprabooks.com\/antoniorolandoarenas\/wp-json\/wp\/v2\/types\/page"}],"author":[{"embeddable":true,"href":"https:\/\/sbprabooks.com\/antoniorolandoarenas\/wp-json\/wp\/v2\/users\/1141"}],"replies":[{"embeddable":true,"href":"https:\/\/sbprabooks.com\/antoniorolandoarenas\/wp-json\/wp\/v2\/comments?post=2"}],"version-history":[{"count":3,"href":"https:\/\/sbprabooks.com\/antoniorolandoarenas\/wp-json\/wp\/v2\/pages\/2\/revisions"}],"predecessor-version":[{"id":9,"href":"https:\/\/sbprabooks.com\/antoniorolandoarenas\/wp-json\/wp\/v2\/pages\/2\/revisions\/9"}],"wp:attachment":[{"href":"https:\/\/sbprabooks.com\/antoniorolandoarenas\/wp-json\/wp\/v2\/media?parent=2"}],"curies":[{"name":"wp","href":"https:\/\/api.w.org\/{rel}","templated":true}]}}