{"id":2,"date":"2015-01-08T18:00:29","date_gmt":"2015-01-08T18:00:29","guid":{"rendered":"http:\/\/sbprabooks.com\/johnhall\/?page_id=2"},"modified":"2016-10-10T01:21:23","modified_gmt":"2016-10-10T01:21:23","slug":"sample-page","status":"publish","type":"page","link":"https:\/\/sbprabooks.com\/johnhall\/","title":{"rendered":"Books by John Hall"},"content":{"rendered":"<h1><strong>Guinea Pigs, Technologies of Control<\/strong><\/h1>\n<p><strong><img fetchpriority=\"high\" decoding=\"async\" class=\"alignright wp-image-5\" src=\"http:\/\/sbprabooks.com\/johnhall\/wp-content\/uploads\/sites\/609\/2015\/01\/Hall-Cover-Web-200x300.jpg\" alt=\"Hall Cover Web\" width=\"279\" height=\"419\" srcset=\"https:\/\/sbprabooks.com\/johnhall\/wp-content\/uploads\/sites\/609\/2015\/01\/Hall-Cover-Web-200x300.jpg 200w, https:\/\/sbprabooks.com\/johnhall\/wp-content\/uploads\/sites\/609\/2015\/01\/Hall-Cover-Web.jpg 576w\" sizes=\"(max-width: 279px) 100vw, 279px\" \/><\/strong>For years the federal government has sought to remotely control human behavior. Starting with the CIA projects MKULTRA and MKSEARCH in the 1950s, the American public has been unwitting guinea pigs in a multitude of non-consensually performed experiments that have continued into the 21st century.<\/p>\n<p>Guinea Pigs takes readers on a journey into the darkest corners of U.S. non-consensual experimentation and the various technologies of control that have led to our current surveillance state. The recent revelations regarding the extent of NSA eavesdropping is only the tip of the iceberg. We are currently in an information war and a mind war, where our privacy and autonomy as human beings are at stake.<\/p>\n<p>Guinea Pigs will arm you with the information needed to fight back against those who seek to eliminate human free will. Over the coming years, terms like \u201cremote neural monitoring,\u201d \u201cbrain-mapping,\u201d and \u201celectronic harassment\u201d will become household words. To be one step ahead of the game, be prepared for the future with Guinea Pigs.<\/p>\n<ul>\n<li><strong><a href=\"https:\/\/www.amazon.com\/Guinea-Pigs-Technologies-John-Hall\/dp\/163135552X\/ref=sr_1_1?s=books&amp;ie=UTF8&amp;qid=1476062175&amp;sr=1-1&amp;keywords=guinea+pigs+technologies+of+control\">Buy at Amazon<\/a><\/strong><\/li>\n<li><strong><a href=\"http:\/\/www.barnesandnoble.com\/w\/guinea-pigs-john-hall\/1121048974?ean=9781631355523\">Buy at Barnes &amp; Noble<\/a><\/strong><\/li>\n<li><strong><a href=\"http:\/\/sbpra.net\/book-orders\/\">Wholesale and Author Orders<\/a><\/strong><\/li>\n<\/ul>\n<h1>Conejillos de Indias: Tecnolog\u00edas de Control<\/h1>\n<p><img decoding=\"async\" class=\"alignright wp-image-10\" src=\"http:\/\/sbprabooks.com\/johnhall\/wp-content\/uploads\/sites\/609\/2015\/01\/Hall-Cover-Web-1.jpg\" alt=\"perf6.000x9.000.indd\" width=\"278\" height=\"420\" srcset=\"https:\/\/sbprabooks.com\/johnhall\/wp-content\/uploads\/sites\/609\/2015\/01\/Hall-Cover-Web-1.jpg 588w, https:\/\/sbprabooks.com\/johnhall\/wp-content\/uploads\/sites\/609\/2015\/01\/Hall-Cover-Web-1-198x300.jpg 198w\" sizes=\"(max-width: 278px) 100vw, 278px\" \/>Por a\u00f1os el gobierno federal a buscado la forma remota de controlar el comportamiento humano.<br \/>\nEmpezando por proyectos de la CIA,MKULTRA, y MKSEARCH en la d\u00e9cada de 1950, la gente Americana han sido conejillos de indias involuntariamente en una multitud no consensuada han hecho experimentos que se han llevado acabo hasta El siglo XXI.<\/p>\n<p>Conejillos de Indias lleva a los lectores en una viaje hacia los rincones m\u00e1s oscuros de la experimentaci\u00f3n no consensuada de los Estados Unidos, diversas tecnolog\u00edas de control que nos han llevado al estado de vigilancia.<\/p>\n<p>Las recientes revelaciones respecto al grado de espionaje de la NSA es solo el comienzo . Actualmente estamos en una guerra de la informaci\u00f3n, y guerra mental, en donde nuestra autonom\u00eda y privacidad como ser humano esta en juego.<\/p>\n<p>Conejillos de Indias lo preparara con la informaci\u00f3n que necesita para luchar contra los que buscan eliminar el libre albedr\u00edo. En los pr\u00f3ximos a\u00f1os terminos como \u201cAcoso electronico \u201c se volveran palabras de casa. Para estar un paso adelante, preparense en el futuro con Conejillos de Indias.<\/p>\n<ul>\n<li><strong><a href=\"https:\/\/www.amazon.com\/s\/ref=nb_sb_noss_2?url=search-alias%3Dstripbooks&amp;field-keywords=guinea+pigs+john+hall&amp;rh=n%3A283155%2Ck%3Aguinea+pigs+john+hall\">Buy at Amazon<\/a><\/strong><\/li>\n<li><strong><a href=\"http:\/\/www.barnesandnoble.com\/w\/guinea-pigs-john-hall\/1121048974?ean=9781631355523\">Buy at Barnes &amp; Noble<\/a><\/strong><\/li>\n<li><strong><a href=\"http:\/\/sbpra.net\/book-orders\/\">Wholesale and Author Orders<\/a><\/strong><\/li>\n<\/ul>\n<h1><strong>About the Author<\/strong><\/h1>\n<p><a href=\"http:\/\/sbprabooks.com\/johnhall\/wp-content\/uploads\/sites\/609\/2015\/01\/Hall-Web-Pic.jpg\"><img decoding=\"async\" class=\"alignright wp-image-6 size-full\" src=\"http:\/\/sbprabooks.com\/johnhall\/wp-content\/uploads\/sites\/609\/2015\/01\/Hall-Web-Pic.jpg\" alt=\"Hall Web Pic\" width=\"192\" height=\"288\" \/><\/a>Born in San Antonio, Texas, home of the Alamo, <strong>John Hall<\/strong> is a physician who considers writing his second profession. \u201cKnowing the United States government\u2019s dismal track record with regard to experimenting on the public without informed consent, the sheer number of people voicing identical complaints of electronic harassment, and surveillance had to be explored logically.\u201d<\/p>\n","protected":false},"excerpt":{"rendered":"<p>Guinea Pigs, Technologies of Control For years the federal government has sought to remotely control human behavior. Starting with the CIA projects MKULTRA and MKSEARCH in the 1950s, the American public has been unwitting guinea pigs in a multitude of non-consensually performed experiments that have continued into the 21st century. Guinea Pigs takes readers on [&hellip;]<\/p>\n","protected":false},"author":606,"featured_media":0,"parent":0,"menu_order":0,"comment_status":"closed","ping_status":"closed","template":"page-templates\/full-width.php","meta":{"footnotes":"","_links_to":"","_links_to_target":""},"class_list":["post-2","page","type-page","status-publish","hentry"],"_links":{"self":[{"href":"https:\/\/sbprabooks.com\/johnhall\/wp-json\/wp\/v2\/pages\/2","targetHints":{"allow":["GET"]}}],"collection":[{"href":"https:\/\/sbprabooks.com\/johnhall\/wp-json\/wp\/v2\/pages"}],"about":[{"href":"https:\/\/sbprabooks.com\/johnhall\/wp-json\/wp\/v2\/types\/page"}],"author":[{"embeddable":true,"href":"https:\/\/sbprabooks.com\/johnhall\/wp-json\/wp\/v2\/users\/606"}],"replies":[{"embeddable":true,"href":"https:\/\/sbprabooks.com\/johnhall\/wp-json\/wp\/v2\/comments?post=2"}],"version-history":[{"count":5,"href":"https:\/\/sbprabooks.com\/johnhall\/wp-json\/wp\/v2\/pages\/2\/revisions"}],"predecessor-version":[{"id":12,"href":"https:\/\/sbprabooks.com\/johnhall\/wp-json\/wp\/v2\/pages\/2\/revisions\/12"}],"wp:attachment":[{"href":"https:\/\/sbprabooks.com\/johnhall\/wp-json\/wp\/v2\/media?parent=2"}],"curies":[{"name":"wp","href":"https:\/\/api.w.org\/{rel}","templated":true}]}}